{"id":54,"date":"2014-04-29T16:54:07","date_gmt":"2014-04-29T16:54:07","guid":{"rendered":"https:\/\/www.jardinluna.com\/luninotas\/?page_id=54"},"modified":"2015-11-23T20:23:48","modified_gmt":"2015-11-23T20:23:48","slug":"nivel-solecitos-proyecto-consentidos","status":"publish","type":"page","link":"https:\/\/www.jardinluna.com\/luninotas\/nivel-solecitos-proyecto-consentidos\/","title":{"rendered":"Nivel Solecitos &#8211; Proyecto CONSENTIDOS"},"content":{"rendered":"<p><iframe loading=\"lazy\" title=\"Jardin Luna Lunera - Proyecto Consentidos\" width=\"625\" height=\"352\" src=\"https:\/\/www.youtube.com\/embed\/9krk29OX25o?feature=oembed\" frameborder=\"0\" allow=\"accelerometer; autoplay; clipboard-write; encrypted-media; gyroscope; picture-in-picture; web-share\" referrerpolicy=\"strict-origin-when-cross-origin\" allowfullscreen><\/iframe><\/p>\n<div id=\"attachment_161\" style=\"width: 635px\" class=\"wp-caption aligncenter\"><a href=\"https:\/\/www.jardinluna.com\/luninotas\/wp-content\/uploads\/2014\/04\/26.jpg\"><img loading=\"lazy\" decoding=\"async\" aria-describedby=\"caption-attachment-161\" class=\"size-large wp-image-161\" src=\"https:\/\/www.jardinluna.com\/luninotas\/wp-content\/uploads\/2014\/04\/26-1024x768.jpg\" alt=\"Promover el bienestar integral del ni\u00f1o y la ni\u00f1a mediante la creaci\u00f3n de ambientes que propicien aprendizajes significativos donde ellos vivan un desarrollo pleno\" width=\"625\" height=\"469\" srcset=\"https:\/\/www.jardinluna.com\/luninotas\/wp-content\/uploads\/2014\/04\/26-1024x768.jpg 1024w, https:\/\/www.jardinluna.com\/luninotas\/wp-content\/uploads\/2014\/04\/26-300x225.jpg 300w, https:\/\/www.jardinluna.com\/luninotas\/wp-content\/uploads\/2014\/04\/26-624x468.jpg 624w, https:\/\/www.jardinluna.com\/luninotas\/wp-content\/uploads\/2014\/04\/26.jpg 1280w\" sizes=\"auto, (max-width: 625px) 100vw, 625px\" \/><\/a><p id=\"caption-attachment-161\" class=\"wp-caption-text\">Promover el bienestar integral del ni\u00f1o y la ni\u00f1a mediante la creaci\u00f3n de ambientes que propicien aprendizajes significativos donde ellos vivan un desarrollo pleno<\/p><\/div>\n<p><a title=\"Ver imagenes nivel Solecitos\" href=\"https:\/\/www.jardinluna.com\/niveles\/solecitos\">Ver imagenes nivel Solecitos<\/a><br \/>\n<strong>1 &#8211; 3 a\u00f1os<\/strong><\/p>\n<p><strong>OBJETIVO GENERAL:<\/strong><\/p>\n<p>Promover el bienestar integral del ni\u00f1o y la ni\u00f1a mediante la creaci\u00f3n de ambientes que propicien aprendizajes significativos donde ellos vivan un desarrollo pleno y potencien su confianza, curiosidad e inter\u00e9s por las personas y el mundo que los rodea.<\/p>\n<p><strong>JUSTIFICACI\u00d3N<\/strong><\/p>\n<p>Este es un proyecto de estimulaci\u00f3n multisensorial, realizada en diferentes sesiones de estimulaci\u00f3n, donde trabajando con los cinco sentidos los ni\u00f1os y ni\u00f1as reconocen y comprenden la relaci\u00f3n del mundo que los rodea consigo mismo.<\/p>\n<p>La informaci\u00f3n que recibe el cerebro a trav\u00e9s de los sentidos permitir\u00e1 ir descubriendo, percibiendo, observando y explorando su entorno, logrando as\u00ed aprendizajes significativos basados en la experiencia, este desarrollo cerebral tambi\u00e9n depende de la cantidad, calidad, dedicaci\u00f3n y constancia con que se lleven a cabo.<\/p>\n<p>Este proceso de estimulaci\u00f3n nos permitir\u00e1 ir creando rutinas y normas que le brindar\u00e1n autocontrol y madurez seg\u00fan la etapa del desarrollo, las cuales crear\u00e1n habilidades, destrezas y competencias que llevar\u00e1n al fortalecimiento de su personalidad, manifestando su seguridad ante las adversidades presentadas en el diario vivir.<\/p>\n<div id=\"attachment_123\" style=\"width: 622px\" class=\"wp-caption aligncenter\"><a href=\"https:\/\/www.jardinluna.com\/luninotas\/wp-content\/uploads\/2014\/04\/PROYECTO-DE-AULA.-CONSENTIDOS2.jpg\"><img loading=\"lazy\" decoding=\"async\" aria-describedby=\"caption-attachment-123\" class=\"size-full wp-image-123\" src=\"https:\/\/www.jardinluna.com\/luninotas\/wp-content\/uploads\/2014\/04\/PROYECTO-DE-AULA.-CONSENTIDOS2.jpg\" alt=\"PROYECTO DE AULA. CONSENTIDOS\" width=\"612\" height=\"792\" srcset=\"https:\/\/www.jardinluna.com\/luninotas\/wp-content\/uploads\/2014\/04\/PROYECTO-DE-AULA.-CONSENTIDOS2.jpg 612w, https:\/\/www.jardinluna.com\/luninotas\/wp-content\/uploads\/2014\/04\/PROYECTO-DE-AULA.-CONSENTIDOS2-231x300.jpg 231w\" sizes=\"auto, (max-width: 612px) 100vw, 612px\" \/><\/a><p id=\"caption-attachment-123\" class=\"wp-caption-text\">PROYECTO DE AULA. CONSENTIDOS<\/p><\/div>\n<p><a title=\"Ver imagenes nivel Solecitos\" href=\"https:\/\/www.jardinluna.com\/niveles\/solecitos\">Ver imagenes nivel Solecitos<\/a><\/p>\n<p>&nbsp;<\/p>\n","protected":false},"excerpt":{"rendered":"<p>Ver imagenes nivel Solecitos 1 &#8211; 3 a\u00f1os OBJETIVO GENERAL: Promover el bienestar integral del ni\u00f1o y la ni\u00f1a mediante la creaci\u00f3n de ambientes que propicien aprendizajes significativos donde ellos vivan un desarrollo pleno y potencien su confianza, curiosidad e inter\u00e9s por las personas y el mundo que los rodea. JUSTIFICACI\u00d3N Este es un proyecto [&hellip;]<\/p>\n","protected":false},"author":1,"featured_media":0,"parent":0,"menu_order":0,"comment_status":"closed","ping_status":"open","template":"page-templates\/full-width.php","meta":{"footnotes":""},"class_list":["post-54","page","type-page","status-publish","hentry"],"_links":{"self":[{"href":"https:\/\/www.jardinluna.com\/luninotas\/wp-json\/wp\/v2\/pages\/54","targetHints":{"allow":["GET"]}}],"collection":[{"href":"https:\/\/www.jardinluna.com\/luninotas\/wp-json\/wp\/v2\/pages"}],"about":[{"href":"https:\/\/www.jardinluna.com\/luninotas\/wp-json\/wp\/v2\/types\/page"}],"author":[{"embeddable":true,"href":"https:\/\/www.jardinluna.com\/luninotas\/wp-json\/wp\/v2\/users\/1"}],"replies":[{"embeddable":true,"href":"https:\/\/www.jardinluna.com\/luninotas\/wp-json\/wp\/v2\/comments?post=54"}],"version-history":[{"count":10,"href":"https:\/\/www.jardinluna.com\/luninotas\/wp-json\/wp\/v2\/pages\/54\/revisions"}],"predecessor-version":[{"id":172,"href":"https:\/\/www.jardinluna.com\/luninotas\/wp-json\/wp\/v2\/pages\/54\/revisions\/172"}],"wp:attachment":[{"href":"https:\/\/www.jardinluna.com\/luninotas\/wp-json\/wp\/v2\/media?parent=54"}],"curies":[{"name":"wp","href":"https:\/\/api.w.org\/{rel}","templated":true}]}}