{"id":52,"date":"2014-04-29T17:17:16","date_gmt":"2014-04-29T17:17:16","guid":{"rendered":"https:\/\/www.jardinluna.com\/luninotas\/?page_id=52"},"modified":"2014-05-08T15:38:03","modified_gmt":"2014-05-08T15:38:03","slug":"jardin-luna-lunera-modelo-pedagogico-constructivista","status":"publish","type":"page","link":"https:\/\/www.jardinluna.com\/luninotas\/jardin-luna-lunera-modelo-pedagogico-constructivista\/","title":{"rendered":"Jardin Luna Lunera &#8211; Modelo Pedagogico Constructivista"},"content":{"rendered":"<div id=\"attachment_77\" style=\"width: 1210px\" class=\"wp-caption aligncenter\"><a href=\"https:\/\/www.jardinluna.com\/luninotas\/wp-content\/uploads\/2014\/04\/Modelo-Pedagogico-Constructivista.jpg\"><img loading=\"lazy\" decoding=\"async\" aria-describedby=\"caption-attachment-77\" class=\"size-full wp-image-77\" src=\"https:\/\/www.jardinluna.com\/luninotas\/wp-content\/uploads\/2014\/04\/Modelo-Pedagogico-Constructivista.jpg\" alt=\"Modelo-Pedagogico-Constructivista\" width=\"1200\" height=\"800\" srcset=\"https:\/\/www.jardinluna.com\/luninotas\/wp-content\/uploads\/2014\/04\/Modelo-Pedagogico-Constructivista.jpg 1200w, https:\/\/www.jardinluna.com\/luninotas\/wp-content\/uploads\/2014\/04\/Modelo-Pedagogico-Constructivista-300x200.jpg 300w, https:\/\/www.jardinluna.com\/luninotas\/wp-content\/uploads\/2014\/04\/Modelo-Pedagogico-Constructivista-1024x682.jpg 1024w, https:\/\/www.jardinluna.com\/luninotas\/wp-content\/uploads\/2014\/04\/Modelo-Pedagogico-Constructivista-624x416.jpg 624w\" sizes=\"auto, (max-width: 1200px) 100vw, 1200px\" \/><\/a><p id=\"caption-attachment-77\" class=\"wp-caption-text\">Modelo-Pedagogico-Constructivista<\/p><\/div>\n<p style=\"color: #4c4c4c;\">Dentro de la experiencia del Centro Educativo Luna Lunera, la formaci\u00f3n integral de ni\u00f1os, ni\u00f1as y j\u00f3venes es el motor que impulsa nuestra labor educativa y que a su vez dinamiza y pone en movimiento las dimensiones del ser humano, las cuales entran en consonancia con nuestros pilares fundamentales de la acci\u00f3n educativa como son: Aprender a Aprender (singularidad-Motivaci\u00f3n), Aprender a ser (Autonom\u00eda-Autodisciplina), Aprender a Hacer (Investigar), Aprender a Convivir (Familia-Sociedad). Estos ejes hacen parte del que hacer educativo, propiciando un ambiente formativo que permite generar situaciones de integraci\u00f3n y construcci\u00f3n de conocimientos para la vida.<\/p>\n<p style=\"color: #4c4c4c;\">Dentro del modelo pedag\u00f3gico del centro educativo es posible afirmar que: El modelo pedag\u00f3gico de Luna Lunera, est\u00e1 fundamentado desde la escuela nueva, basado en centros de inter\u00e9s, constructivismo, la l\u00fadica, el juego como experiencia de aprendizaje y la pedagog\u00eda del afecto.<\/p>\n<p style=\"color: #4c4c4c;\">Pensando en el que hacer pedag\u00f3gico que nos ocupa en el preescolar y en la b\u00e1sica primaria, nos encaminamos a la comprensi\u00f3n de los procesos de ense\u00f1anza-aprendizaje desde la singularidad y motivaci\u00f3n de cada estudiante por esta raz\u00f3n optamos por el desarrollo de proyectos de aulas y los talleres para el desarrollo del pensamiento creativo.<\/p>\n<p><strong>Proyectos transversales al P.E.I <\/strong><\/p>\n<ul>\n<li>Educaci\u00f3n sexual y valores<\/li>\n<li>M\u00fasica y pl\u00e1stica<\/li>\n<li>Peque\u00f1os cient\u00edficos<\/li>\n<li>Tienda escolar<\/li>\n<li>Festivales luneros<\/li>\n<li>Proyecto ambiental PRAES<\/li>\n<li>Yogando en el aula<\/li>\n<li>Huerta don tomate<\/li>\n<li>Noche de luna<\/li>\n<li>Noche del cuento<\/li>\n<li>Campamento<\/li>\n<li>Escuelas de familia<\/li>\n<\/ul>\n<p>&nbsp;<\/p>\n<p><strong>Centros de inter\u00e9s<\/strong><\/p>\n<ul>\n<li>Chispazos: Ciencia e investigaci\u00f3n<\/li>\n<li>Fantas\u00eda: Juegos de roles<\/li>\n<li>Cuentilandia: Hora del cuento<\/li>\n<li>Arco\u00edris: Motricidad fina<\/li>\n<li>Piscina de Pelotas: Estimulaci\u00f3n motriz<\/li>\n<\/ul>\n<p><strong>Extracurriculares<\/strong><\/p>\n<ul>\n<li>Chalaner\u00eda: Convenio fortuna equina<\/li>\n<li>Nataci\u00f3n: Convenio hotel las lomas<\/li>\n<li>Futbol: Convenio escuela boca juniors forjadores<\/li>\n<li>Ballet: Convenio baila farfalla<\/li>\n<\/ul>\n<p>&nbsp;<\/p>\n","protected":false},"excerpt":{"rendered":"<p>Dentro de la experiencia del Centro Educativo Luna Lunera, la formaci\u00f3n integral de ni\u00f1os, ni\u00f1as y j\u00f3venes es el motor que impulsa nuestra labor educativa y que a su vez dinamiza y pone en movimiento las dimensiones del ser humano, las cuales entran en consonancia con nuestros pilares fundamentales de la acci\u00f3n educativa como son: [&hellip;]<\/p>\n","protected":false},"author":1,"featured_media":0,"parent":0,"menu_order":0,"comment_status":"closed","ping_status":"open","template":"page-templates\/full-width.php","meta":{"footnotes":""},"class_list":["post-52","page","type-page","status-publish","hentry"],"_links":{"self":[{"href":"https:\/\/www.jardinluna.com\/luninotas\/wp-json\/wp\/v2\/pages\/52","targetHints":{"allow":["GET"]}}],"collection":[{"href":"https:\/\/www.jardinluna.com\/luninotas\/wp-json\/wp\/v2\/pages"}],"about":[{"href":"https:\/\/www.jardinluna.com\/luninotas\/wp-json\/wp\/v2\/types\/page"}],"author":[{"embeddable":true,"href":"https:\/\/www.jardinluna.com\/luninotas\/wp-json\/wp\/v2\/users\/1"}],"replies":[{"embeddable":true,"href":"https:\/\/www.jardinluna.com\/luninotas\/wp-json\/wp\/v2\/comments?post=52"}],"version-history":[{"count":6,"href":"https:\/\/www.jardinluna.com\/luninotas\/wp-json\/wp\/v2\/pages\/52\/revisions"}],"predecessor-version":[{"id":122,"href":"https:\/\/www.jardinluna.com\/luninotas\/wp-json\/wp\/v2\/pages\/52\/revisions\/122"}],"wp:attachment":[{"href":"https:\/\/www.jardinluna.com\/luninotas\/wp-json\/wp\/v2\/media?parent=52"}],"curies":[{"name":"wp","href":"https:\/\/api.w.org\/{rel}","templated":true}]}}